{"id":87,"date":"2020-09-10T18:47:17","date_gmt":"2020-09-10T18:47:17","guid":{"rendered":"https:\/\/bf-eventtechnik.eu\/?page_id=87"},"modified":"2020-09-12T16:11:24","modified_gmt":"2020-09-12T16:11:24","slug":"datenschutz","status":"publish","type":"page","link":"https:\/\/bf-eventtechnik.eu\/index.php\/datenschutz\/","title":{"rendered":"Datenschutz"},"content":{"rendered":"\n<h4>Disclaimer &#8211; rechtliche Hinweise<\/h4>\n<p><strong>Auskunfts- und Widerrufsrecht<\/strong><\/p>\n<p>Sie haben jederzeit das Recht, sich unentgeltlich und unverz\u00fcglich \u00fcber die zu Ihrer Person erhobenen Daten \nzu erkundigen. Ebenfalls k\u00f6nnen Sie Ihre Zustimmung zur Verwendung Ihrer angegebenen pers\u00f6nlichen Daten mit \nWirkung f\u00fcr die Zukunft widerrufen. Hierf\u00fcr wenden Sie sich bitte an den im Impressum angegebenen \nDiensteanbieter.<\/p>\n<p><strong>Datenschutz (allgemein)<\/strong><\/p>\n<p>Beim Zugriff auf unsere Webseite werden automatisch allgemeine Informationen (sog. Server-Logfiles) erfasst. Diese \nbeinhalten u.a. den von Ihnen verwendeten Webbrowser sowie Ihr Betriebssystem und Ihren Internet Service Provider. Diese \nDaten lassen keinerlei R\u00fcckschl\u00fcsse auf Ihre Person zu und werden von uns statistisch ausgewertet, um unseren \nInternetauftritt technisch und inhaltlich zu verbessern. Das Erfassen dieser Informationen ist notwendig, um den Inhalt \nder Webseite korrekt ausliefern zu k\u00f6nnen.<\/p>\n<p>Die Nutzung der Webseite ist grunds\u00e4tzlich ohne Angabe personenbezogener Daten m\u00f6glich. Soweit \npersonenbezogene Daten (beispielsweise Name, Anschrift oder E-Mail-Adressen) erhoben werden, erfolgt dies, soweit \nm\u00f6glich, stets auf freiwilliger Basis. Diese Daten werden ohne Ihre ausdr\u00fcckliche Zustimmung nicht an Dritte \nweitergegeben.<\/p>\n<p>Sofern ein Vertragsverh\u00e4ltnis begr\u00fcndet, inhaltlich ausgestaltet oder ge\u00e4ndert werden soll oder Sie an \nuns eine Anfrage stellen, erheben und verwenden wir personenbezogene Daten von Ihnen, soweit dies zu diesem Zwecke \nerforderlich ist (Bestandsdaten). Wir erheben, verarbeiten und nutzen personenbezogene Daten soweit dies erforderlich \nist, um Ihnen die Inanspruchnahme des Webangebots zu erm\u00f6glichen (Nutzungsdaten). S\u00e4mtliche personenbezogenen \nDaten werden nur solange gespeichert wie dies f\u00fcr den genannten Zweck (Bearbeitung Ihrer Anfrage oder Abwicklung \neines Vertrags) erforderlich ist. Hierbei werden steuer- und handelsrechtliche Aufbewahrungsfristen von uns \nber\u00fccksichtigt. Auf Anordnung der zust\u00e4ndigen Stellen m\u00fcssen wir im Einzelfall Auskunft \u00fcber diese \nDaten (Bestandsdaten) erteilen, soweit dies f\u00fcr Zwecke der Strafverfolgung, zur Gefahrenabwehr, zur Erf\u00fcllung \nder gesetzlichen Aufgaben der Verfassungsschutzbeh\u00f6rden oder des Milit\u00e4rischen Abschirmdienstes oder zur \nDurchsetzung der Rechte am geistigen Eigentum erforderlich ist.<\/p>\n<p>Wir weisen ausdr\u00fccklich darauf hin, dass die Daten\u00fcbertragung im Internet (z. B. bei der Kommunikation per \nE-Mail) Sicherheitsl\u00fccken aufweisen kann. Vor dem Zugriff auf Daten kann nicht l\u00fcckenlos gesch\u00fctzt \nwerden.<\/p>\n<p>Die Nutzung von im Rahmen der Impressumspflicht ver\u00f6ffentlichten Kontaktdaten durch Dritte zur \u00dcbersendung \nvon nicht ausdr\u00fccklich angeforderter Werbung und Informationsmaterialien wird hiermit ausdr\u00fccklich untersagt. \nAusgenommen hiervon sind bestehende Gesch\u00e4ftsbeziehungen bzw. es liegt Ihnen eine entsprechende Einwilligung von uns \nvor.<\/p>\n<p>Die Anbieter und alle auf dieser Website genannten Dritten behalten sich ausdr\u00fccklich rechtliche Schritte im \nFalle der unverlangten Zusendung von Werbeinformationen vor. Gleiches gilt f\u00fcr die kommerzielle Verwendung und \nWeitergabe der Daten.<\/p>\n<p><strong>Datenschutz (Kommentarfunktion)<\/strong><\/p>\n<p>Im Rahmen der Kommentarfunktion unseres Blogs erheben wir personenbezogene Daten (z. B. Name, E-Mail) im Rahmen Ihrer \nKommentierung zu einem Beitrag nur in dem Umfang wie Sie ihn uns mitgeteilt haben. Bei der Ver\u00f6ffentlichung eines \nKommentars wird die von Ihnen angegebene Email-Adresse gespeichert, aber nicht ver\u00f6ffentlicht. Ihr angegebener Name \nwird ver\u00f6ffentlich. Sie k\u00f6nnen auch ein Pseudonym benutzen.<\/p>\n<p><strong>Datenschutzerkl\u00e4rung Facebook-Plugins (Like\/ Gef\u00e4llt mir-Button etc.)<\/strong><\/p>\n<p>Auf dieser Website sind Plugins des Social-Media-Anbieters Facebook.com (f\u00fcr Europa: Facebook Irland Limited, 4 \nGrand Canal Square, Dublin 2, Ireland; f\u00fcr die USA: Facebook Inc., 1601 Willow Road, Menlo Park, CA 94025, USA), \nimplementiert. Eine \u00dcbersicht der Facebook-Plugins finden Sie hier: <a target=\"_blank\" href=\"https:\/\/developers.facebook.com\/docs\/plugins\/\" rel=\"noopener noreferrer\">https:\/\/developers.facebook.com\/docs\/plugins\/<\/a>.<\/p>\n<p>Durch Ihren Besuch auf Seiten mit Facebook-Plugins, wird durch das Plugin eine Verbindung zwischen Ihrem Browser und \neinem Server von Facebook hergestellt. Hierdurch erh\u00e4lt Facebook Informationen zu Ihrer IP-Adresse und dem Besuch \nauf unserer Website.<\/p>\n<p>Durch Anklicken der Facebook-Plugins gelangen Sie zum Login-Bereich von Facebook. Bereits eingeloggte Facebook-Nutzer \nk\u00f6nnen sofort Inhalte unserer Website auf ihren Facebook-Profilen ver\u00f6ffentlichen. Infolge der Nutzung dieser \nPlugins kann Facebook den Besuch unserer Website Ihrem pers\u00f6nlichen Benutzerkonto zuordnen. Wir weisen \nausdr\u00fccklich darauf hin, dass wir als Anbieter dieser Internetseiten keine Kenntnis vom Inhalt der \n\u00fcbermittelten Daten sowie deren Nutzung durch Facebook erhalten. Weitere Informationen zum Datenschutz durch \nFacebook erhalten Sie unter: <a target=\"_blank\" href=\"https:\/\/de-de.facebook.com\/policy.php\" rel=\"noopener noreferrer\">https:\/\/de-de.facebook.com\/policy.php<\/a>.<\/p>\n<p>Um eine Zuordnung durch Facebook zwischen Ihrem Besuch auf unserer Website zu Ihrem Benutzerkonto zu verhindern, \nm\u00fcssen Sie sich aus Ihrem Facebook-Account ausloggen.<\/p>\n<p><strong>Datenschutzerkl\u00e4rung Twitter<\/strong><\/p>\n<p>Auf dieser Seite sind Plugins des Messenagerdienstes Twitter (Twitter Inc., 1355 Market Street, Suite 900, San \nFrancisco, CA 94103, USA) implementiert. Durch das Nutzen des Plugins werden die von Ihnen besuchten Websites mit Ihrem \nTwitter-Profil verkn\u00fcpft und ver\u00f6ffentlicht. Hierbei werden auch Daten an Twitter \u00fcbertragen. Wir weisen \nausdr\u00fccklich darauf hin, dass wir als Anbieter dieser Internetseiten keine Kenntnis vom Inhalt der \n\u00fcbermittelten Daten sowie deren Nutzung durch Twitter erhalten. Weitere Informationen zum Datenschutz durch Twitter \nerhalten Sie unter: <a href=\"https:\/\/twitter.com\/privacy\" target=\"_blank\" rel=\"noopener noreferrer\">https:\/\/twitter.com\/privacy<\/a>.<\/p>\n<p>Die Datenschutzeinstellungen von Twitter k\u00f6nnen Sie in Ihrem Twitter-Account \u00e4ndern: <a href=\"https:\/\/twitter.com\/login?redirect_after_login=%2Faccount%2Fsettings\" target=\"_blank\" rel=\"noopener noreferrer\">https:\/\/twitter.com\/login?redirect_after_login=%2Faccount%2Fsettings<\/a><\/p>\n<p><strong>Google Analytics<\/strong><\/p>\n<p>Diese Website benutzt Google Analytics, einen Webanalysedienst der Google Inc. (&#8222;Google&#8220;), 1600 Amphitheatre Parkway, \nMountain View, CA 94043, USA. Google Analytics verwendet sog. &#8222;Cookies&#8220; (Textdateien), die auf Ihrem Computer gespeichert \nwerden und die eine Analyse der Benutzung der Website durch Sie erm\u00f6glichen. Die durch das Cookie erzeugten \nInformationen \u00fcber Ihre Benutzung dieser Website werden in der Regel an einen Server von Google in den USA \n\u00fcbertragen und dort gespeichert. Im Falle der Aktivierung der IP-Anonymisierung auf dieser Website, wird Ihre \nIP-Adresse von Google jedoch innerhalb von Mitgliedstaaten der Europ\u00e4ischen Union oder in anderen Vertragsstaaten \ndes Abkommens \u00fcber den Europ\u00e4ischen Wirtschaftsraum zuvor gek\u00fcrzt. Nur in Ausnahmef\u00e4llen wird die \nvollst\u00e4ndige IP-Adresse an einen Server von Google in den USA \u00fcbertragen und dort anonymisiert. Im Auftrag des \nBetreibers dieser Website wird Google diese Informationen benutzen, um Ihre Nutzung der Website auszuwerten, um Reports \n\u00fcber die Websiteaktivit\u00e4ten zusammenzustellen und um weitere mit der Websitenutzung und der Internetnutzung \nverbundene Dienstleistungen gegen\u00fcber dem Websitebetreiber zu erbringen. Die im Rahmen von Google Analytics von \nIhrem Browser \u00fcbermittelte IP-Adresse wird nicht mit anderen Daten von Google zusammengef\u00fchrt.<\/p>\n<p>Sie k\u00f6nnen die Speicherung der Cookies durch eine entsprechende Einstellung Ihrer Browser-Software verhindern; \nwir weisen Sie jedoch darauf hin, dass Sie in diesem Fall gegebenenfalls nicht s\u00e4mtliche Funktionen dieser Website \nvollumf\u00e4nglich nutzen k\u00f6nnen. Sie k\u00f6nnen dar\u00fcber hinaus die Erfassung der durch das Cookie erzeugten \nund auf Ihre Nutzung der Website bezogenen Daten (inkl. Ihrer IP-Adresse) an Google sowie die Verarbeitung dieser Daten \ndurch Google verhindern, indem sie das unter dem folgenden Link verf\u00fcgbare Browser-Add-on herunterladen und \ninstallieren: <a target=\"_blank\" href=\"http:\/\/tools.google.com\/dlpage\/gaoptout?hl=de\" rel=\"noopener noreferrer\">http:\/\/tools.google.com\/dlpage\/gaoptout?hl=de<\/a>. Das \nBrowser-Add-on zur Deaktivierung von Google Analytics ist mit Chrome, Internet Explorer 8 bis 11, Safari, Firefox und \nOpera kompatibel.<\/p>\n<p>Weitere Informationen zu Nutzungsbedingungen und Datenschutz finden Sie unter folgenden Links: <a target=\"_blank\" href=\"http:\/\/www.google.com\/analytics\/terms\/de.html\" rel=\"noopener noreferrer\">http:\/\/www.google.com\/analytics\/terms\/de.html<\/a> und <a target=\"_blank\" href=\"https:\/\/www.google.de\/intl\/de\/policies\/\" rel=\"noopener noreferrer\">https:\/\/www.google.de\/intl\/de\/policies\/<\/a>.<\/p>\n<p>&nbsp;<\/p>\n<p><strong>Disclaimer (Haftungsausschluss)<\/strong><\/p>\n<p><strong>1. Haftung f\u00fcr Inhalte<\/strong><\/p>\n<p>Als Diensteanbieter sind wir gem\u00e4\u00df \u00a7 7 Abs. 1 TMG f\u00fcr eigene Inhalte auf diesen Seiten nach den \nallgemeinen Gesetzen verantwortlich. Nach \u00a7\u00a7 8 bis 10 TMG sind wir als Diensteanbieter jedoch nicht \nverpflichtet, \u00fcbermittelte oder gespeicherte fremde Informationen zu \u00fcberwachen oder nach Umst\u00e4nden zu \nforschen, die auf eine rechtswidrige T\u00e4tigkeit hinweisen. Verpflichtungen zur Entfernung oder Sperrung der Nutzung \nvon Informationen nach den allgemeinen Gesetzen bleiben hiervon unber\u00fchrt. Eine diesbez\u00fcgliche Haftung ist \njedoch erst ab dem Zeitpunkt der Kenntnis einer konkreten Rechtsverletzung m\u00f6glich. Bei Bekanntwerden von \nentsprechenden Rechtsverletzungen werden wir diese Inhalte umgehend entfernen.<\/p>\n<p><strong>2. Haftung f\u00fcr Links<\/strong><\/p>\n<p>Diese Website enth\u00e4lt Links zu externen Webseiten Dritter, auf deren Inhalte kein Einfluss genommen werden kann. \nDeshalb kann f\u00fcr diese fremden Inhalte auch keine Gew\u00e4hr \u00fcbernommen werden. F\u00fcr die Inhalte der \nverlinkten Seiten ist stets der jeweilige Anbieter oder Betreiber der Seiten verantwortlich. Die verlinkten Seiten wurden \nzum Zeitpunkt der Verlinkung auf m\u00f6gliche Rechtsverst\u00f6\u00dfe \u00fcberpr\u00fcft. Rechtswidrige Inhalte waren \nzum Zeitpunkt der Verlinkung nicht erkennbar. Eine permanente inhaltliche Kontrolle der verlinkten Seiten ist jedoch ohne \nkonkrete Anhaltspunkte einer Rechtsverletzung nicht zumutbar. Bei Bekanntwerden von Rechtsverletzungen werden derartige \nLinks umgehend von dieser Website auf die rechtsverletzende Site entfernen.<\/p>\n<p><strong>3. Urheberrecht<\/strong><\/p>\n<p>Die durch die Diensteanbieter, deren Mitarbeiter und beauftragte Dritte erstellten Inhalte und Werke auf diesen Seiten \nunterliegen dem deutschen Urheberrecht. Die Vervielf\u00e4ltigung, Bearbeitung, Verbreitung und jede Art der Verwertung \nau\u00dferhalb der Grenzen des Urheberrechtes bed\u00fcrfen der vorherigen schriftlichen Zustimmung des jeweiligen Autors \nbzw. Erstellers. Downloads und Kopien dieser Seite sind nur f\u00fcr den privaten, nicht kommerziellen Gebrauch \ngestattet. Soweit die Inhalte auf dieser Seite nicht vom Betreiber erstellt wurden, werden die Urheberrechte Dritter \nbeachtet. Insbesondere werden Inhalte Dritter als solche gekennzeichnet. Sollten Sie trotzdem auf eine \nUrheberrechtsverletzung aufmerksam werden, bitten wir um einen entsprechenden Hinweis. Bei Bekanntwerden von \nRechtsverletzungen werden derartige Inhalte umgehend entfernen.<\/p>\n<p>&nbsp;<\/p>\n<p>Dieses Impressum wurde mit Hilfe des <a target=\"_blank\" href=\"http:\/\/www.hensche.de\/impressum-generator.html\" rel=\"noopener noreferrer\">Impressum-Generators<\/a> von <a target=\"_blank\" href=\"http:\/\/www.hensche.de\/Rechtsanwalt_Arbeitsrecht_Frankfurt.html\" rel=\"noopener noreferrer\">HENSCHE Rechtsanw\u00e4lte, Frankfurt (Westend)<\/a> \nerstellt.<\/p>\n","protected":false},"excerpt":{"rendered":"<p>Disclaimer &#8211; rechtliche Hinweise Auskunfts- und Widerrufsrecht Sie haben jederzeit das Recht, sich unentgeltlich und unverz\u00fcglich \u00fcber die zu Ihrer Person erhobenen Daten zu erkundigen. Ebenfalls k\u00f6nnen Sie Ihre Zustimmung zur Verwendung Ihrer angegebenen pers\u00f6nlichen Daten mit Wirkung f\u00fcr die Zukunft widerrufen. Hierf\u00fcr wenden Sie sich bitte an den im Impressum angegebenen Diensteanbieter. Datenschutz (allgemein) [&hellip;]<\/p>\n","protected":false},"author":1,"featured_media":0,"parent":0,"menu_order":0,"comment_status":"closed","ping_status":"closed","template":"","meta":{"_et_pb_use_builder":"","_et_pb_old_content":"","_et_gb_content_width":"","footnotes":""},"class_list":["post-87","page","type-page","status-publish","hentry"],"_links":{"self":[{"href":"https:\/\/bf-eventtechnik.eu\/index.php\/wp-json\/wp\/v2\/pages\/87","targetHints":{"allow":["GET"]}}],"collection":[{"href":"https:\/\/bf-eventtechnik.eu\/index.php\/wp-json\/wp\/v2\/pages"}],"about":[{"href":"https:\/\/bf-eventtechnik.eu\/index.php\/wp-json\/wp\/v2\/types\/page"}],"author":[{"embeddable":true,"href":"https:\/\/bf-eventtechnik.eu\/index.php\/wp-json\/wp\/v2\/users\/1"}],"replies":[{"embeddable":true,"href":"https:\/\/bf-eventtechnik.eu\/index.php\/wp-json\/wp\/v2\/comments?post=87"}],"version-history":[{"count":5,"href":"https:\/\/bf-eventtechnik.eu\/index.php\/wp-json\/wp\/v2\/pages\/87\/revisions"}],"predecessor-version":[{"id":105,"href":"https:\/\/bf-eventtechnik.eu\/index.php\/wp-json\/wp\/v2\/pages\/87\/revisions\/105"}],"wp:attachment":[{"href":"https:\/\/bf-eventtechnik.eu\/index.php\/wp-json\/wp\/v2\/media?parent=87"}],"curies":[{"name":"wp","href":"https:\/\/api.w.org\/{rel}","templated":true}]}}